{"id":28,"date":"2026-02-27T22:59:46","date_gmt":"2026-02-27T21:59:46","guid":{"rendered":"https:\/\/www.bludovicenj.cz\/?page_id=28"},"modified":"2026-03-11T22:26:20","modified_gmt":"2026-03-11T21:26:20","slug":"osadni-vybor","status":"publish","type":"page","link":"https:\/\/www.bludovicenj.cz\/index.php\/osadni-vybor\/","title":{"rendered":"Osadn\u00ed v\u00fdbor"},"content":{"rendered":"\n<p class=\"has-text-align-center has-ast-global-color-2-color has-text-color has-link-color wp-elements-4b1c90a30b799fd943a631b648b2cebb\">Osadn\u00ed v\u00fdbor Bludovice se sch\u00e1z\u00ed pravideln\u011b a jeho jedn\u00e1n\u00ed jsou v praxi otev\u0159en\u00e1 podn\u011bt\u016fm ob\u010dan\u016f, p\u0159esto\u017ee form\u00e1ln\u011b podl\u00e9haj\u00ed Jednac\u00edmu \u0159\u00e1du v\u00fdbor\u016f Zastupitelstva m\u011bsta Nov\u00fd Ji\u010d\u00edn.<br><strong>Kdy a kde se sch\u016fze konaj\u00ed<\/strong>: V\u00fdbor se sch\u00e1z\u00ed zpravidla ka\u017ed\u00e9 prvn\u00ed pond\u011bl\u00ed v m\u011bs\u00edci v 19:00 hod. v zasedac\u00ed m\u00edstnosti na Fojtstv\u00ed v Bludovic\u00edch.<br><strong>Ve\u0159ejnost a podn\u011bty<\/strong>: Podn\u011bty ob\u010dan\u016f jsou b\u011b\u017en\u011b projedn\u00e1v\u00e1ny p\u0159\u00edmo na sch\u016fz\u00edch, jak dokl\u00e1daj\u00ed zve\u0159ejn\u011bn\u00e9 z\u00e1pisy.<br><strong>Z\u00e1pisy z jedn\u00e1n\u00ed<\/strong>: M\u011bsto Nov\u00fd Ji\u010d\u00edn rozhodlo, \u017ee v\u0161echny aktu\u00e1ln\u00ed z\u00e1pisy jsou zve\u0159ej\u0148ov\u00e1ny <a href=\"https:\/\/www.novyjicin.cz\/samosprava\/zastupitelstvo-mesta\/vybory-zm\/\" data-type=\"link\" data-id=\"https:\/\/www.novyjicin.cz\/samosprava\/zastupitelstvo-mesta\/vybory-zm\/\">ZDE<\/a> na ofici\u00e1ln\u00edch str\u00e1nk\u00e1ch m\u011bsta.<br><\/p>\n\n\n\n<p class=\"has-text-align-center has-luminous-vivid-orange-color has-text-color has-link-color wp-elements-1e8de47263a3688b6aca49e5513595d6\">Pokud chcete na sch\u016fzi vystoupit s konkr\u00e9tn\u00edm probl\u00e9mem, doporu\u010duje se dorazit p\u0159\u00edmo v \u010dase zah\u00e1jen\u00ed na Fojtstv\u00ed.<\/p>\n\n\n\n<hr class=\"wp-block-separator has-css-opacity is-style-default\"\/>\n\n\n\n<p class=\"has-text-align-center\"><strong>P\u0159edseda: Kamil \u0160karka<\/strong><\/p>\n\n\n\n<p class=\"has-text-align-center\"><strong>\u010clenov\u00e9: Jan Ad\u00e1mek, Bc. Ing. Petr Brandejs, Bc. Iva Brandejsov\u00e1, Miroslava \u010cervenkov\u00e1, Lenka Palack\u00e1<\/strong><\/p>\n\n\n\n<p class=\"has-text-align-center has-luminous-vivid-orange-color has-text-color has-link-color has-medium-font-size wp-elements-6e75518133476c746356fdd50f1ea2e0\"><strong>tel.: +420 776 302 182\u00a0\u00a0\u00a0\u00a0\u00a0\u00a0\u00a0\u00a0 \u00a0\u00a0\u00a0\u00a0\u00a0\u00a0\u00a0\u00a0\u00a0\u00a0\u00a0\u00a0\u00a0\u00a0\u00a0 email: bludovicenj@gmail.com<\/strong><\/p>\n\n\n\n<blockquote class=\"wp-block-quote has-text-align-center is-style-large is-layout-flow wp-block-quote-is-layout-flow\">\n<p class=\"has-medium-font-size\"><\/p>\n<\/blockquote>\n\n\n\n<hr class=\"wp-block-separator has-css-opacity is-style-default\"\/>\n\n\n\n<p><\/p>\n","protected":false},"excerpt":{"rendered":"<p>Osadn\u00ed v\u00fdbor Bludovice se sch\u00e1z\u00ed pravideln\u011b a jeho jedn\u00e1n\u00ed jsou v praxi otev\u0159en\u00e1 podn\u011bt\u016fm ob\u010dan\u016f, p\u0159esto\u017ee form\u00e1ln\u011b podl\u00e9haj\u00ed Jednac\u00edmu \u0159\u00e1du [&hellip;]<\/p>\n","protected":false},"author":2,"featured_media":0,"parent":0,"menu_order":0,"comment_status":"closed","ping_status":"closed","template":"","meta":{"site-sidebar-layout":"default","site-content-layout":"","ast-site-content-layout":"default","site-content-style":"default","site-sidebar-style":"default","ast-global-header-display":"","ast-banner-title-visibility":"","ast-main-header-display":"","ast-hfb-above-header-display":"","ast-hfb-below-header-display":"","ast-hfb-mobile-header-display":"","site-post-title":"disabled","ast-breadcrumbs-content":"","ast-featured-img":"","footer-sml-layout":"","ast-disable-related-posts":"","theme-transparent-header-meta":"","adv-header-id-meta":"","stick-header-meta":"","header-above-stick-meta":"","header-main-stick-meta":"","header-below-stick-meta":"","astra-migrate-meta-layouts":"default","ast-page-background-enabled":"default","ast-page-background-meta":{"desktop":{"background-color":"var(--ast-global-color-5)","background-image":"","background-repeat":"repeat","background-position":"center center","background-size":"auto","background-attachment":"scroll","background-type":"","background-media":"","overlay-type":"","overlay-color":"","overlay-opacity":"","overlay-gradient":""},"tablet":{"background-color":"","background-image":"","background-repeat":"repeat","background-position":"center center","background-size":"auto","background-attachment":"scroll","background-type":"","background-media":"","overlay-type":"","overlay-color":"","overlay-opacity":"","overlay-gradient":""},"mobile":{"background-color":"","background-image":"","background-repeat":"repeat","background-position":"center center","background-size":"auto","background-attachment":"scroll","background-type":"","background-media":"","overlay-type":"","overlay-color":"","overlay-opacity":"","overlay-gradient":""}},"ast-content-background-meta":{"desktop":{"background-color":"var(--ast-global-color-4)","background-image":"","background-repeat":"repeat","background-position":"center center","background-size":"auto","background-attachment":"scroll","background-type":"","background-media":"","overlay-type":"","overlay-color":"","overlay-opacity":"","overlay-gradient":""},"tablet":{"background-color":"var(--ast-global-color-4)","background-image":"","background-repeat":"repeat","background-position":"center center","background-size":"auto","background-attachment":"scroll","background-type":"","background-media":"","overlay-type":"","overlay-color":"","overlay-opacity":"","overlay-gradient":""},"mobile":{"background-color":"var(--ast-global-color-4)","background-image":"","background-repeat":"repeat","background-position":"center center","background-size":"auto","background-attachment":"scroll","background-type":"","background-media":"","overlay-type":"","overlay-color":"","overlay-opacity":"","overlay-gradient":""}},"footnotes":""},"class_list":["post-28","page","type-page","status-publish","hentry"],"_links":{"self":[{"href":"https:\/\/www.bludovicenj.cz\/index.php\/wp-json\/wp\/v2\/pages\/28","targetHints":{"allow":["GET"]}}],"collection":[{"href":"https:\/\/www.bludovicenj.cz\/index.php\/wp-json\/wp\/v2\/pages"}],"about":[{"href":"https:\/\/www.bludovicenj.cz\/index.php\/wp-json\/wp\/v2\/types\/page"}],"author":[{"embeddable":true,"href":"https:\/\/www.bludovicenj.cz\/index.php\/wp-json\/wp\/v2\/users\/2"}],"replies":[{"embeddable":true,"href":"https:\/\/www.bludovicenj.cz\/index.php\/wp-json\/wp\/v2\/comments?post=28"}],"version-history":[{"count":15,"href":"https:\/\/www.bludovicenj.cz\/index.php\/wp-json\/wp\/v2\/pages\/28\/revisions"}],"predecessor-version":[{"id":439,"href":"https:\/\/www.bludovicenj.cz\/index.php\/wp-json\/wp\/v2\/pages\/28\/revisions\/439"}],"wp:attachment":[{"href":"https:\/\/www.bludovicenj.cz\/index.php\/wp-json\/wp\/v2\/media?parent=28"}],"curies":[{"name":"wp","href":"https:\/\/api.w.org\/{rel}","templated":true}]}}