{"id":51,"date":"2026-02-27T22:59:32","date_gmt":"2026-02-27T21:59:32","guid":{"rendered":"https:\/\/www.bludovicenj.cz\/?page_id=51"},"modified":"2026-03-02T23:33:57","modified_gmt":"2026-03-02T22:33:57","slug":"o-obci","status":"publish","type":"page","link":"https:\/\/www.bludovicenj.cz\/","title":{"rendered":"O obci"},"content":{"rendered":"\n<div class=\"wp-block-senff-sticky-block\" data-topspace=\"0\" data-cfa=\"true\" data-minwidth=\"0\" data-maxwidth=\"99999\" data-pushup=\"\" data-zindex=\"1\"><nav style=\"background-color: #648d9c; line-height:1.5;\" class=\"has-text-color has-ast-global-color-4-color has-background has-medium-font-size items-justified-center has-text-decoration-none alignwide wp-block-navigation is-horizontal is-content-justification-center is-layout-flex wp-container-core-navigation-is-layout-c1d678a1 wp-block-navigation-is-layout-flex\" aria-label=\"Navigace\"><ul style=\"background-color: #648d9c; line-height:1.5;\" class=\"wp-block-navigation__container has-text-color has-ast-global-color-4-color has-background has-medium-font-size items-justified-center has-text-decoration-none alignwide wp-block-navigation has-medium-font-size\"><li data-wp-context=\"{ &quot;submenuOpenedBy&quot;: { &quot;click&quot;: false, &quot;hover&quot;: false, &quot;focus&quot;: false }, &quot;type&quot;: &quot;submenu&quot;, &quot;modal&quot;: null, &quot;previousFocus&quot;: null }\" data-wp-interactive=\"core\/navigation\" data-wp-on--focusout=\"actions.handleMenuFocusout\" data-wp-on--keydown=\"actions.handleMenuKeydown\" data-wp-on--mouseenter=\"actions.openMenuOnHover\" data-wp-on--mouseleave=\"actions.closeMenuOnHover\" data-wp-watch=\"callbacks.initMenu\" tabindex=\"-1\" style=\"font-style:normal;font-weight:100;text-decoration:none;\" class=\"wp-block-navigation-item has-medium-font-size has-child open-on-hover-click wp-block-navigation-submenu\"><a class=\"wp-block-navigation-item__content\" href=\"https:\/\/www.bludovicenj.cz\/\"><span class=\"wp-block-navigation-item__label\">O obci<\/span><\/a><button data-wp-bind--aria-expanded=\"state.isMenuOpen\" data-wp-on--click=\"actions.toggleMenuOnClick\" aria-label=\"O obci podmenu\" class=\"wp-block-navigation__submenu-icon wp-block-navigation-submenu__toggle\" ><svg xmlns=\"http:\/\/www.w3.org\/2000\/svg\" width=\"12\" height=\"12\" viewBox=\"0 0 12 12\" fill=\"none\" aria-hidden=\"true\" focusable=\"false\"><path d=\"M1.50002 4L6.00002 8L10.5 4\" stroke-width=\"1.5\"><\/path><\/svg><\/button><ul data-wp-on--focus=\"actions.openMenuOnFocus\" style=\"font-style:normal;font-weight:100;text-decoration:none;\" class=\"wp-block-navigation__submenu-container has-text-color has-ast-global-color-4-color wp-block-navigation-submenu\"><li class=\"has-medium-font-size wp-block-navigation-item wp-block-navigation-link\"><a class=\"wp-block-navigation-item__content\"  href=\"https:\/\/www.bludovicenj.cz\/index.php\/fotogalerie\/\"><span class=\"wp-block-navigation-item__label\">Fotogalerie<\/span><\/a><\/li><li class=\"has-medium-font-size wp-block-navigation-item wp-block-navigation-link\"><a class=\"wp-block-navigation-item__content\"  href=\"https:\/\/www.bludovicenj.cz\/index.php\/historie\/\"><span class=\"wp-block-navigation-item__label\">Historie<\/span><\/a><\/li><\/ul><\/li><li data-wp-context=\"{ &quot;submenuOpenedBy&quot;: { &quot;click&quot;: false, &quot;hover&quot;: false, &quot;focus&quot;: false }, &quot;type&quot;: &quot;submenu&quot;, &quot;modal&quot;: null, &quot;previousFocus&quot;: null }\" data-wp-interactive=\"core\/navigation\" data-wp-on--focusout=\"actions.handleMenuFocusout\" data-wp-on--keydown=\"actions.handleMenuKeydown\" data-wp-on--mouseenter=\"actions.openMenuOnHover\" data-wp-on--mouseleave=\"actions.closeMenuOnHover\" data-wp-watch=\"callbacks.initMenu\" tabindex=\"-1\" style=\"font-style:normal;font-weight:100;\" class=\"wp-block-navigation-item has-medium-font-size has-child open-on-hover-click wp-block-navigation-submenu\"><a class=\"wp-block-navigation-item__content\" href=\"https:\/\/www.bludovicenj.cz\/index.php\/spolky-a-organizace\/\"><span class=\"wp-block-navigation-item__label\">Spolky a organizace<\/span><\/a><button data-wp-bind--aria-expanded=\"state.isMenuOpen\" data-wp-on--click=\"actions.toggleMenuOnClick\" aria-label=\"Spolky a organizace podmenu\" class=\"wp-block-navigation__submenu-icon wp-block-navigation-submenu__toggle\" ><svg xmlns=\"http:\/\/www.w3.org\/2000\/svg\" width=\"12\" height=\"12\" viewBox=\"0 0 12 12\" fill=\"none\" aria-hidden=\"true\" focusable=\"false\"><path d=\"M1.50002 4L6.00002 8L10.5 4\" stroke-width=\"1.5\"><\/path><\/svg><\/button><ul data-wp-on--focus=\"actions.openMenuOnFocus\" style=\"font-style:normal;font-weight:100;\" class=\"wp-block-navigation__submenu-container has-text-color has-ast-global-color-4-color wp-block-navigation-submenu\"><li class=\"has-medium-font-size wp-block-navigation-item wp-block-navigation-link\"><a class=\"wp-block-navigation-item__content\"  href=\"https:\/\/www.bludovicenj.cz\/index.php\/osadni-vybor\/\"><span class=\"wp-block-navigation-item__label\">Osadn\u00ed v\u00fdbor<\/span><\/a><\/li><\/ul><\/li><li style=\"font-style:normal;font-weight:100;\" class=\"has-medium-font-size wp-block-navigation-item wp-block-navigation-link\"><a class=\"wp-block-navigation-item__content\"  href=\"https:\/\/www.bludovicenj.cz\/index.php\/akce-a-aktivity\/\"><span class=\"wp-block-navigation-item__label\">Akce a aktivity<\/span><\/a><\/li><\/ul><\/nav><\/div>\n\n\n\n<div class=\"wp-block-cover alignfull has-medium-font-size\" style=\"min-height:237px;aspect-ratio:unset;\"><img decoding=\"async\" class=\"wp-block-cover__image-background wp-image-83 size-large\" alt=\"\" src=\"https:\/\/www.bludovicenj.cz\/wp-content\/uploads\/2026\/02\/20230619_102006-2-1024x768.jpg\" style=\"object-position:50% 39%\" data-object-fit=\"cover\" data-object-position=\"50% 39%\"\/><span aria-hidden=\"true\" class=\"wp-block-cover__background has-background-dim-60 has-background-dim\" style=\"background-color:#035270\"><\/span><div class=\"wp-block-cover__inner-container is-layout-flow wp-block-cover-is-layout-flow\">\n<div class=\"wp-block-group is-layout-constrained wp-block-group-is-layout-constrained\">\n<p class=\"has-text-align-center has-ast-global-color-4-color has-text-color has-link-color has-large-font-size wp-elements-100ee20f20603bcf64cebf8ffa0f9f5b\" style=\"font-style:normal;font-weight:100\">BLUDOVICE&#8230;&#8230;&#8230;.na dosah m\u011bstu, v n\u00e1ru\u010di p\u0159\u00edrody<\/p>\n<\/div>\n<\/div><\/div>\n\n\n\n<div class=\"wp-block-media-text alignfull is-stacked-on-mobile has-background\" style=\"background-color:#84c68438;font-size:15px;grid-template-columns:70% auto\"><figure class=\"wp-block-media-text__media\"><img fetchpriority=\"high\" decoding=\"async\" width=\"1024\" height=\"768\" src=\"https:\/\/www.bludovicenj.cz\/wp-content\/uploads\/2026\/02\/bludovice6-1-1024x768.jpeg\" alt=\"\" class=\"wp-image-145 size-full\" srcset=\"https:\/\/www.bludovicenj.cz\/wp-content\/uploads\/2026\/02\/bludovice6-1-1024x768.jpeg 1024w, https:\/\/www.bludovicenj.cz\/wp-content\/uploads\/2026\/02\/bludovice6-1-300x225.jpeg 300w, https:\/\/www.bludovicenj.cz\/wp-content\/uploads\/2026\/02\/bludovice6-1-768x576.jpeg 768w, https:\/\/www.bludovicenj.cz\/wp-content\/uploads\/2026\/02\/bludovice6-1-1536x1152.jpeg 1536w, https:\/\/www.bludovicenj.cz\/wp-content\/uploads\/2026\/02\/bludovice6-1.jpeg 2048w\" sizes=\"(max-width: 1024px) 100vw, 1024px\" \/><\/figure><div class=\"wp-block-media-text__content\">\n<p class=\"has-medium-font-size\">P\u0159\u00edrodu tu m\u00e1me hned za dve\u0159mi a je voln\u011b p\u0159\u00edstupn\u00e1 pro v\u0161echny.<\/p>\n\n\n\n<p class=\"has-medium-font-size\">Kopce, louky, lesy, pot\u016f\u010dky. Lesn\u00ed a poln\u00ed cesty, stezky, traily. Dalek\u00e9 v\u00fdhledy.<\/p>\n\n\n\n<p class=\"has-medium-font-size\">Potkat srnku na vlastn\u00ed zahrad\u011b tady nen\u00ed nic neobvykl\u00e9ho! Anebo kance&#8230;<\/p>\n<\/div><\/div>\n\n\n\n<div class=\"wp-block-media-text alignfull has-media-on-the-right is-stacked-on-mobile has-background has-medium-font-size\" style=\"background-color:#cdeaff;grid-template-columns:auto 30%\"><div class=\"wp-block-media-text__content\">\n<div class=\"wp-block-group is-layout-constrained wp-block-group-is-layout-constrained\">\n<p style=\"padding-top:0;padding-bottom:0;font-size:20px;line-height:0.6\">Kdysi se tu mluvilo \u010desky.<\/p>\n\n\n\n<p style=\"padding-top:0;padding-bottom:0;font-size:20px;line-height:0.6\">Pak st\u00e1le v\u00edce n\u011bmecky. <\/p>\n\n\n\n<p style=\"padding-top:0;padding-bottom:0;font-size:20px;line-height:0.6\">Od r. 1945 jen \u010desky. <\/p>\n\n\n\n<p style=\"padding-top:0;padding-bottom:0;font-size:20px;line-height:0.6\">Dnes tu m\u016f\u017eete zaslechnout i angli\u010dtinu nebo \u0161pan\u011bl\u0161tinu.<\/p>\n<\/div>\n<\/div><figure class=\"wp-block-media-text__media\"><a href=\"https:\/\/www.bludovicenj.cz\/index.php\/historie\/\"><img decoding=\"async\" width=\"763\" height=\"748\" src=\"https:\/\/www.bludovicenj.cz\/wp-content\/uploads\/2026\/02\/bludovice-znak-1.png\" alt=\"\" class=\"wp-image-158 size-full\" srcset=\"https:\/\/www.bludovicenj.cz\/wp-content\/uploads\/2026\/02\/bludovice-znak-1.png 763w, https:\/\/www.bludovicenj.cz\/wp-content\/uploads\/2026\/02\/bludovice-znak-1-300x294.png 300w\" sizes=\"(max-width: 763px) 100vw, 763px\" \/><\/a><\/figure><\/div>\n\n\n\n<div style=\"height:100px\" aria-hidden=\"true\" class=\"wp-block-spacer\"><\/div>\n\n\n\n<div class=\"wp-block-columns alignfull is-layout-flex wp-container-core-columns-is-layout-28f84493 wp-block-columns-is-layout-flex\">\n<div class=\"wp-block-column is-layout-flow wp-block-column-is-layout-flow\" style=\"flex-basis:20%\"><\/div>\n\n\n\n<div class=\"wp-block-column is-layout-flow wp-block-column-is-layout-flow\" style=\"flex-basis:44.45%\">\n<figure class=\"wp-block-image size-large is-resized has-custom-border\"><a href=\"https:\/\/drive.google.com\/file\/d\/1F0wkxoEXpqCB_q3dBJbcqVUB1PvFHzNG\/view?usp=sharing\"><img decoding=\"async\" width=\"1024\" height=\"726\" src=\"https:\/\/www.bludovicenj.cz\/wp-content\/uploads\/2026\/02\/obrazek_2026-02-28_055144832-1024x726.png\" alt=\"\" class=\"wp-image-156\" style=\"border-width:4px;border-top-left-radius:30px;border-top-right-radius:30px;border-bottom-left-radius:30px;border-bottom-right-radius:30px;aspect-ratio:1.4039570734435627;width:546px;height:auto\" srcset=\"https:\/\/www.bludovicenj.cz\/wp-content\/uploads\/2026\/02\/obrazek_2026-02-28_055144832-1024x726.png 1024w, https:\/\/www.bludovicenj.cz\/wp-content\/uploads\/2026\/02\/obrazek_2026-02-28_055144832-300x213.png 300w, https:\/\/www.bludovicenj.cz\/wp-content\/uploads\/2026\/02\/obrazek_2026-02-28_055144832-768x545.png 768w, https:\/\/www.bludovicenj.cz\/wp-content\/uploads\/2026\/02\/obrazek_2026-02-28_055144832.png 1073w\" sizes=\"(max-width: 1024px) 100vw, 1024px\" \/><\/a><\/figure>\n<\/div>\n\n\n\n<div class=\"wp-block-column is-layout-flow wp-block-column-is-layout-flow\" style=\"padding-top:0;padding-right:0;padding-bottom:0;padding-left:0;flex-basis:22.22%\">\n<div class=\"wp-block-group is-layout-flow wp-block-group-is-layout-flow\">\n<div class=\"wp-block-columns is-layout-flex wp-container-core-columns-is-layout-28f84493 wp-block-columns-is-layout-flex\">\n<div class=\"wp-block-column is-layout-flow wp-block-column-is-layout-flow\" style=\"flex-basis:100%\">\n<details class=\"wp-block-details has-medium-font-size\"><summary><mark style=\"background-color:rgba(0, 0, 0, 0)\" class=\"has-inline-color has-ast-global-color-1-color is-layout-flow wp-block-details-is-layout-flow\"><strong>SPOLE\u010cN\u011a TVO\u0158\u00cdME DLOUHODOBOU VIZI PRO BLUDOVICE<\/strong><\/mark><\/summary>\n<p style=\"font-size:15px\">S agenturou SocGeo a d\u00edky grantu Hyundai a nadace Open Society Fund pracujeme komunitn\u00edm zp\u016fsobem na dlouhodob\u00e9 vizi pro Bludovice.<\/p>\n\n\n\n<p style=\"font-size:15px\">M\u016f\u017eete se kdykoli p\u0159ipojit, Va\u0161e n\u00e1pady, p\u0159\u00e1n\u00ed a p\u0159ipom\u00ednky jsou velmi cenn\u00e9!<\/p>\n\n\n\n<p><\/p>\n<\/details>\n<\/div>\n<\/div>\n<\/div>\n<\/div>\n<\/div>\n\n\n\n\n\n<div style=\"height:100px\" aria-hidden=\"true\" class=\"wp-block-spacer\"><\/div>\n\n\n\n<div class=\"wp-block-group alignfull has-background-color has-white-color has-text-color has-background has-link-color wp-elements-a61522ecfd9823e8a1ec10e2465f77f8 is-layout-constrained wp-container-core-group-is-layout-39266ca5 wp-block-group-is-layout-constrained\" style=\"background-color:#648d9c;min-height:40vh;margin-top:0;margin-bottom:0;padding-top:var(--wp--preset--spacing--60);padding-right:var(--wp--preset--spacing--40);padding-bottom:var(--wp--preset--spacing--60);padding-left:var(--wp--preset--spacing--40)\">\n<div class=\"wp-block-columns alignwide has-small-font-size is-layout-flex wp-container-core-columns-is-layout-28f84493 wp-block-columns-is-layout-flex\">\n<div class=\"wp-block-column is-layout-constrained wp-block-column-is-layout-constrained\">\n<iframe style=\"border:none\" src=\"https:\/\/mapy.com\/s\/cozapetuhu\" width=\"700\" height=\"466\" frameborder=\"0\"><\/iframe>\n\n\n\n<div style=\"height:24px\" aria-hidden=\"true\" class=\"wp-block-spacer\"><\/div>\n<\/div>\n\n\n\n<div class=\"wp-block-column is-layout-constrained wp-block-column-is-layout-constrained\">\n<p class=\"has-text-align-center has-medium-font-size\">email: bludovicenj@gmail.cz<\/p>\n\n\n\n<ul class=\"wp-block-social-links is-content-justification-center is-layout-flex wp-container-core-social-links-is-layout-a89b3969 wp-block-social-links-is-layout-flex\"><li class=\"wp-social-link wp-social-link-facebook  wp-block-social-link\"><a href=\"https:\/\/www.facebook.com\/OsadniVyborBludovice\" class=\"wp-block-social-link-anchor\"><svg width=\"24\" height=\"24\" viewBox=\"0 0 24 24\" version=\"1.1\" xmlns=\"http:\/\/www.w3.org\/2000\/svg\" aria-hidden=\"true\" focusable=\"false\"><path d=\"M12 2C6.5 2 2 6.5 2 12c0 5 3.7 9.1 8.4 9.9v-7H7.9V12h2.5V9.8c0-2.5 1.5-3.9 3.8-3.9 1.1 0 2.2.2 2.2.2v2.5h-1.3c-1.2 0-1.6.8-1.6 1.6V12h2.8l-.4 2.9h-2.3v7C18.3 21.1 22 17 22 12c0-5.5-4.5-10-10-10z\"><\/path><\/svg><span class=\"wp-block-social-link-label screen-reader-text\">Facebook<\/span><\/a><\/li><\/ul>\n\n\n\n<p class=\"has-text-align-center has-text-color has-link-color has-medium-font-size wp-elements-6ed99a9ead40f9e7e60e9c5872200a47\" style=\"color:#c9f78d;padding-top:0;padding-right:var(--wp--preset--spacing--80);padding-bottom:0;padding-left:var(--wp--preset--spacing--80)\">V\u011bt\u0161inou ka\u017ed\u00e9 prvn\u00ed pond\u011bl\u00ed v m\u011bs\u00edci v 19:00 se kon\u00e1 sch\u016fzka osadn\u00edho v\u00fdboru na Fojtstv\u00ed. Srde\u010dn\u011b V\u00e1s zveme.<\/p>\n<\/div>\n<\/div>\n<\/div>\n\n\n\n<p><\/p>\n","protected":false},"excerpt":{"rendered":"<p>P\u0159\u00edrodu tu m\u00e1me hned za dve\u0159mi a je voln\u011b p\u0159\u00edstupn\u00e1 pro v\u0161echny. Kopce, louky, lesy, pot\u016f\u010dky. Lesn\u00ed a poln\u00ed cesty, [&hellip;]<\/p>\n","protected":false},"author":2,"featured_media":83,"parent":0,"menu_order":0,"comment_status":"open","ping_status":"closed","template":"elementor_canvas","meta":{"site-sidebar-layout":"default","site-content-layout":"","ast-site-content-layout":"default","site-content-style":"default","site-sidebar-style":"default","ast-global-header-display":"","ast-banner-title-visibility":"","ast-main-header-display":"disabled","ast-hfb-above-header-display":"","ast-hfb-below-header-display":"","ast-hfb-mobile-header-display":"disabled","site-post-title":"disabled","ast-breadcrumbs-content":"","ast-featured-img":"disabled","footer-sml-layout":"","ast-disable-related-posts":"","theme-transparent-header-meta":"","adv-header-id-meta":"","stick-header-meta":"","header-above-stick-meta":"","header-main-stick-meta":"","header-below-stick-meta":"","astra-migrate-meta-layouts":"default","ast-page-background-enabled":"default","ast-page-background-meta":{"desktop":{"background-color":"var(--ast-global-color-5)","background-image":"","background-repeat":"repeat","background-position":"center center","background-size":"auto","background-attachment":"scroll","background-type":"","background-media":"","overlay-type":"","overlay-color":"","overlay-opacity":"","overlay-gradient":""},"tablet":{"background-color":"","background-image":"","background-repeat":"repeat","background-position":"center center","background-size":"auto","background-attachment":"scroll","background-type":"","background-media":"","overlay-type":"","overlay-color":"","overlay-opacity":"","overlay-gradient":""},"mobile":{"background-color":"","background-image":"","background-repeat":"repeat","background-position":"center center","background-size":"auto","background-attachment":"scroll","background-type":"","background-media":"","overlay-type":"","overlay-color":"","overlay-opacity":"","overlay-gradient":""}},"ast-content-background-meta":{"desktop":{"background-color":"var(--ast-global-color-4)","background-image":"","background-repeat":"repeat","background-position":"center center","background-size":"auto","background-attachment":"scroll","background-type":"","background-media":"","overlay-type":"","overlay-color":"","overlay-opacity":"","overlay-gradient":""},"tablet":{"background-color":"var(--ast-global-color-4)","background-image":"","background-repeat":"repeat","background-position":"center center","background-size":"auto","background-attachment":"scroll","background-type":"","background-media":"","overlay-type":"","overlay-color":"","overlay-opacity":"","overlay-gradient":""},"mobile":{"background-color":"var(--ast-global-color-4)","background-image":"","background-repeat":"repeat","background-position":"center center","background-size":"auto","background-attachment":"scroll","background-type":"","background-media":"","overlay-type":"","overlay-color":"","overlay-opacity":"","overlay-gradient":""}},"footnotes":""},"class_list":["post-51","page","type-page","status-publish","has-post-thumbnail","hentry"],"_links":{"self":[{"href":"https:\/\/www.bludovicenj.cz\/index.php\/wp-json\/wp\/v2\/pages\/51","targetHints":{"allow":["GET"]}}],"collection":[{"href":"https:\/\/www.bludovicenj.cz\/index.php\/wp-json\/wp\/v2\/pages"}],"about":[{"href":"https:\/\/www.bludovicenj.cz\/index.php\/wp-json\/wp\/v2\/types\/page"}],"author":[{"embeddable":true,"href":"https:\/\/www.bludovicenj.cz\/index.php\/wp-json\/wp\/v2\/users\/2"}],"replies":[{"embeddable":true,"href":"https:\/\/www.bludovicenj.cz\/index.php\/wp-json\/wp\/v2\/comments?post=51"}],"version-history":[{"count":83,"href":"https:\/\/www.bludovicenj.cz\/index.php\/wp-json\/wp\/v2\/pages\/51\/revisions"}],"predecessor-version":[{"id":401,"href":"https:\/\/www.bludovicenj.cz\/index.php\/wp-json\/wp\/v2\/pages\/51\/revisions\/401"}],"wp:featuredmedia":[{"embeddable":true,"href":"https:\/\/www.bludovicenj.cz\/index.php\/wp-json\/wp\/v2\/media\/83"}],"wp:attachment":[{"href":"https:\/\/www.bludovicenj.cz\/index.php\/wp-json\/wp\/v2\/media?parent=51"}],"curies":[{"name":"wp","href":"https:\/\/api.w.org\/{rel}","templated":true}]}}