{"id":74,"date":"2026-02-27T22:50:44","date_gmt":"2026-02-27T21:50:44","guid":{"rendered":"https:\/\/www.bludovicenj.cz\/?page_id=74"},"modified":"2026-03-10T22:25:09","modified_gmt":"2026-03-10T21:25:09","slug":"akce-a-aktivity","status":"publish","type":"page","link":"https:\/\/www.bludovicenj.cz\/index.php\/akce-a-aktivity\/","title":{"rendered":"Akce a aktivity"},"content":{"rendered":"\n<p>P\u0159edb\u011b\u017en\u011b po\u010d\u00edt\u00e1me pro rok 2026 s t\u011bmito akcemi v t\u011bchto term\u00ednech:<\/p>\n\n\n\n<ul class=\"wp-block-list\">\n<li>\u010dt. 7. 5. stav\u011bn\u00ed m\u00e1je<\/li>\n<\/ul>\n\n\n\n<ul class=\"wp-block-list\">\n<li>so 6. 6. d\u011btsk\u00fd den + k\u00e1cen\u00ed m\u00e1je<\/li>\n<\/ul>\n\n\n\n<ul class=\"wp-block-list\">\n<li>so 22. 8. Horn\u00ed \u2013 Doln\u00ed&nbsp;+&nbsp;z\u00e1bava<\/li>\n<\/ul>\n\n\n\n<div class=\"wp-block-group is-layout-flow wp-block-group-is-layout-flow\" style=\"padding-top:30px;padding-right:30px;padding-bottom:30px;padding-left:30px\">\n<div class=\"wp-block-columns is-layout-flex wp-container-core-columns-is-layout-28f84493 wp-block-columns-is-layout-flex\">\n<div class=\"wp-block-column is-layout-flow wp-block-column-is-layout-flow\" style=\"flex-basis:50%\">\n<div class=\"wp-block-query is-layout-flow wp-block-query-is-layout-flow\"><ul class=\"wp-block-post-template is-layout-flow wp-block-post-template-is-layout-flow\"><li class=\"wp-block-post post-1 post type-post status-publish format-standard has-post-thumbnail hentry category-nezarazene\">\n<figure class=\"wp-block-post-featured-image\"><img fetchpriority=\"high\" decoding=\"async\" width=\"536\" height=\"545\" src=\"https:\/\/www.bludovicenj.cz\/wp-content\/uploads\/2025\/12\/obrazek_2026-02-28_102623805.png\" class=\"attachment-post-thumbnail size-post-thumbnail wp-post-image\" alt=\"\" style=\"object-fit:cover;\" srcset=\"https:\/\/www.bludovicenj.cz\/wp-content\/uploads\/2025\/12\/obrazek_2026-02-28_102623805.png 536w, https:\/\/www.bludovicenj.cz\/wp-content\/uploads\/2025\/12\/obrazek_2026-02-28_102623805-295x300.png 295w\" sizes=\"(max-width: 536px) 100vw, 536px\" \/><\/figure>\n\n<h2 class=\"wp-block-post-title\">Web Bludovic je ve v\u00fdstavb\u011b. Dejte n\u00e1m v\u011bd\u011bt, jestli se V\u00e1m l\u00edb\u00ed.<\/h2>\n\n<div class=\"wp-block-post-date\"><time datetime=\"2026-02-28T11:00:41+01:00\">28. 2. 2026<\/time><\/div>\n\n\n<div style=\"height:200px\" aria-hidden=\"true\" class=\"wp-block-spacer\"><\/div>\n\n<\/li><li class=\"wp-block-post post-267 post type-post status-publish format-standard has-post-thumbnail hentry category-probehle\">\n<figure class=\"wp-block-post-featured-image\"><img decoding=\"async\" width=\"1414\" height=\"2000\" src=\"https:\/\/www.bludovicenj.cz\/wp-content\/uploads\/2026\/02\/koledovani-v-kaplicce-2024.png\" class=\"attachment-post-thumbnail size-post-thumbnail wp-post-image\" alt=\"\" style=\"object-fit:cover;\" srcset=\"https:\/\/www.bludovicenj.cz\/wp-content\/uploads\/2026\/02\/koledovani-v-kaplicce-2024.png 1414w, https:\/\/www.bludovicenj.cz\/wp-content\/uploads\/2026\/02\/koledovani-v-kaplicce-2024-212x300.png 212w, https:\/\/www.bludovicenj.cz\/wp-content\/uploads\/2026\/02\/koledovani-v-kaplicce-2024-724x1024.png 724w, https:\/\/www.bludovicenj.cz\/wp-content\/uploads\/2026\/02\/koledovani-v-kaplicce-2024-768x1086.png 768w, https:\/\/www.bludovicenj.cz\/wp-content\/uploads\/2026\/02\/koledovani-v-kaplicce-2024-1086x1536.png 1086w\" sizes=\"(max-width: 1414px) 100vw, 1414px\" \/><\/figure>\n\n<h2 class=\"wp-block-post-title\">Koledov\u00e1n\u00ed v kapli\u010dce<\/h2>\n\n<div class=\"wp-block-post-date\"><time datetime=\"2025-12-01T13:01:00+01:00\">1. 12. 2025<\/time><\/div>\n\n\n<div style=\"height:200px\" aria-hidden=\"true\" class=\"wp-block-spacer\"><\/div>\n\n<\/li><\/ul><\/div>\n<\/div>\n\n\n\n<div class=\"wp-block-column is-layout-flow wp-block-column-is-layout-flow\" style=\"flex-basis:50%\">\n<div class=\"wp-block-query is-layout-flow wp-block-query-is-layout-flow\"><ul class=\"wp-block-post-template is-layout-flow wp-block-post-template-is-layout-flow\"><li class=\"wp-block-post post-228 post type-post status-publish format-standard has-post-thumbnail hentry category-probehle\">\n\n<div style=\"height:200px\" aria-hidden=\"true\" class=\"wp-block-spacer\"><\/div>\n\n\n<figure class=\"wp-block-post-featured-image\"><img decoding=\"async\" width=\"1061\" height=\"1500\" src=\"https:\/\/www.bludovicenj.cz\/wp-content\/uploads\/2026\/02\/Horni-Dolni-2025.png\" class=\"attachment-post-thumbnail size-post-thumbnail wp-post-image\" alt=\"\" style=\"object-fit:cover;\" srcset=\"https:\/\/www.bludovicenj.cz\/wp-content\/uploads\/2026\/02\/Horni-Dolni-2025.png 1061w, https:\/\/www.bludovicenj.cz\/wp-content\/uploads\/2026\/02\/Horni-Dolni-2025-212x300.png 212w, https:\/\/www.bludovicenj.cz\/wp-content\/uploads\/2026\/02\/Horni-Dolni-2025-724x1024.png 724w, https:\/\/www.bludovicenj.cz\/wp-content\/uploads\/2026\/02\/Horni-Dolni-2025-768x1086.png 768w\" sizes=\"(max-width: 1061px) 100vw, 1061px\" \/><\/figure>\n\n<h2 class=\"wp-block-post-title\">Horn\u00ed Doln\u00ed 2025<\/h2>\n\n<div class=\"wp-block-post-date\"><time datetime=\"2025-08-24T10:29:51+02:00\">24. 8. 2025<\/time><\/div>\n<\/li><li class=\"wp-block-post post-271 post type-post status-publish format-standard has-post-thumbnail hentry category-probehle\">\n\n<div style=\"height:200px\" aria-hidden=\"true\" class=\"wp-block-spacer\"><\/div>\n\n\n<figure class=\"wp-block-post-featured-image\"><img loading=\"lazy\" decoding=\"async\" width=\"1061\" height=\"1500\" src=\"https:\/\/www.bludovicenj.cz\/wp-content\/uploads\/2026\/02\/detsky-den-Blu-2025-5.png\" class=\"attachment-post-thumbnail size-post-thumbnail wp-post-image\" alt=\"\" style=\"object-fit:cover;\" srcset=\"https:\/\/www.bludovicenj.cz\/wp-content\/uploads\/2026\/02\/detsky-den-Blu-2025-5.png 1061w, https:\/\/www.bludovicenj.cz\/wp-content\/uploads\/2026\/02\/detsky-den-Blu-2025-5-212x300.png 212w, https:\/\/www.bludovicenj.cz\/wp-content\/uploads\/2026\/02\/detsky-den-Blu-2025-5-724x1024.png 724w, https:\/\/www.bludovicenj.cz\/wp-content\/uploads\/2026\/02\/detsky-den-Blu-2025-5-768x1086.png 768w\" sizes=\"(max-width: 1061px) 100vw, 1061px\" \/><\/figure>\n\n<h2 class=\"wp-block-post-title\">D\u011btsk\u00fd den 2025<\/h2>\n\n<div class=\"wp-block-post-date\"><time datetime=\"2025-06-01T13:04:00+02:00\">1. 6. 2025<\/time><\/div>\n<\/li><\/ul><\/div>\n<\/div>\n<\/div>\n<\/div>\n\n\n\n<p><\/p>\n","protected":false},"excerpt":{"rendered":"<p>P\u0159edb\u011b\u017en\u011b po\u010d\u00edt\u00e1me pro rok 2026 s t\u011bmito akcemi v t\u011bchto term\u00ednech:<\/p>\n","protected":false},"author":2,"featured_media":0,"parent":0,"menu_order":0,"comment_status":"closed","ping_status":"closed","template":"","meta":{"site-sidebar-layout":"default","site-content-layout":"","ast-site-content-layout":"default","site-content-style":"default","site-sidebar-style":"default","ast-global-header-display":"","ast-banner-title-visibility":"","ast-main-header-display":"","ast-hfb-above-header-display":"","ast-hfb-below-header-display":"","ast-hfb-mobile-header-display":"","site-post-title":"","ast-breadcrumbs-content":"","ast-featured-img":"","footer-sml-layout":"","ast-disable-related-posts":"","theme-transparent-header-meta":"","adv-header-id-meta":"","stick-header-meta":"","header-above-stick-meta":"","header-main-stick-meta":"","header-below-stick-meta":"","astra-migrate-meta-layouts":"default","ast-page-background-enabled":"default","ast-page-background-meta":{"desktop":{"background-color":"var(--ast-global-color-5)","background-image":"","background-repeat":"repeat","background-position":"center center","background-size":"auto","background-attachment":"scroll","background-type":"","background-media":"","overlay-type":"","overlay-color":"","overlay-opacity":"","overlay-gradient":""},"tablet":{"background-color":"","background-image":"","background-repeat":"repeat","background-position":"center center","background-size":"auto","background-attachment":"scroll","background-type":"","background-media":"","overlay-type":"","overlay-color":"","overlay-opacity":"","overlay-gradient":""},"mobile":{"background-color":"","background-image":"","background-repeat":"repeat","background-position":"center center","background-size":"auto","background-attachment":"scroll","background-type":"","background-media":"","overlay-type":"","overlay-color":"","overlay-opacity":"","overlay-gradient":""}},"ast-content-background-meta":{"desktop":{"background-color":"var(--ast-global-color-4)","background-image":"","background-repeat":"repeat","background-position":"center center","background-size":"auto","background-attachment":"scroll","background-type":"","background-media":"","overlay-type":"","overlay-color":"","overlay-opacity":"","overlay-gradient":""},"tablet":{"background-color":"var(--ast-global-color-4)","background-image":"","background-repeat":"repeat","background-position":"center center","background-size":"auto","background-attachment":"scroll","background-type":"","background-media":"","overlay-type":"","overlay-color":"","overlay-opacity":"","overlay-gradient":""},"mobile":{"background-color":"var(--ast-global-color-4)","background-image":"","background-repeat":"repeat","background-position":"center center","background-size":"auto","background-attachment":"scroll","background-type":"","background-media":"","overlay-type":"","overlay-color":"","overlay-opacity":"","overlay-gradient":""}},"footnotes":""},"class_list":["post-74","page","type-page","status-publish","hentry"],"_links":{"self":[{"href":"https:\/\/www.bludovicenj.cz\/index.php\/wp-json\/wp\/v2\/pages\/74","targetHints":{"allow":["GET"]}}],"collection":[{"href":"https:\/\/www.bludovicenj.cz\/index.php\/wp-json\/wp\/v2\/pages"}],"about":[{"href":"https:\/\/www.bludovicenj.cz\/index.php\/wp-json\/wp\/v2\/types\/page"}],"author":[{"embeddable":true,"href":"https:\/\/www.bludovicenj.cz\/index.php\/wp-json\/wp\/v2\/users\/2"}],"replies":[{"embeddable":true,"href":"https:\/\/www.bludovicenj.cz\/index.php\/wp-json\/wp\/v2\/comments?post=74"}],"version-history":[{"count":16,"href":"https:\/\/www.bludovicenj.cz\/index.php\/wp-json\/wp\/v2\/pages\/74\/revisions"}],"predecessor-version":[{"id":411,"href":"https:\/\/www.bludovicenj.cz\/index.php\/wp-json\/wp\/v2\/pages\/74\/revisions\/411"}],"wp:attachment":[{"href":"https:\/\/www.bludovicenj.cz\/index.php\/wp-json\/wp\/v2\/media?parent=74"}],"curies":[{"name":"wp","href":"https:\/\/api.w.org\/{rel}","templated":true}]}}