{"id":75,"date":"2026-02-27T23:00:02","date_gmt":"2026-02-27T22:00:02","guid":{"rendered":"https:\/\/www.bludovicenj.cz\/?page_id=75"},"modified":"2026-03-15T21:44:09","modified_gmt":"2026-03-15T20:44:09","slug":"spolky-a-organizace","status":"publish","type":"page","link":"https:\/\/www.bludovicenj.cz\/index.php\/spolky-a-organizace\/","title":{"rendered":"Spolky a organizace"},"content":{"rendered":"\t\t<div data-elementor-type=\"wp-page\" data-elementor-id=\"75\" class=\"elementor elementor-75\">\n\t\t\t\t<div class=\"elementor-element elementor-element-c97c1d0 e-con-full e-flex e-con e-parent\" data-id=\"c97c1d0\" data-element_type=\"container\" data-e-type=\"container\">\n\t\t\t\t<div class=\"elementor-element elementor-element-5f4be41 elementor-widget elementor-widget-spacer\" data-id=\"5f4be41\" data-element_type=\"widget\" data-e-type=\"widget\" data-widget_type=\"spacer.default\">\n\t\t\t\t\t\t\t<div class=\"elementor-spacer\">\n\t\t\t<div class=\"elementor-spacer-inner\"><\/div>\n\t\t<\/div>\n\t\t\t\t\t\t<\/div>\n\t\t\t\t<div class=\"elementor-element elementor-element-8b1b66c elementor-widget elementor-widget-heading\" data-id=\"8b1b66c\" data-element_type=\"widget\" data-e-type=\"widget\" data-widget_type=\"heading.default\">\n\t\t\t\t\t<h1 class=\"elementor-heading-title elementor-size-default\">TJ Sokol Bludovice<\/h1>\t\t\t\t<\/div>\n\t\t\t\t<div class=\"elementor-element elementor-element-4b4c789 elementor-widget__width-initial elementor-widget elementor-widget-text-editor\" data-id=\"4b4c789\" data-element_type=\"widget\" data-e-type=\"widget\" data-widget_type=\"text-editor.default\">\n\t\t\t\t\t\t\t\t\t<p style=\"text-align: center;\"><span style=\"color: #000000;\"><strong>Fotbalov\u00fd odd\u00edl provozuje m\u00edstn\u00ed fotbalov\u00e9 h\u0159i\u0161t\u011b, <\/strong><\/span><span style=\"color: #000000;\"><strong>hraje z\u00e1pasy a po\u0159\u00e1d\u00e1 spole\u010densk\u00e9 akce.<\/strong><\/span><\/p>\t\t\t\t\t\t\t\t<\/div>\n\t\t<div class=\"elementor-element elementor-element-3bab77c e-flex e-con-boxed e-con e-child\" data-id=\"3bab77c\" data-element_type=\"container\" data-e-type=\"container\">\n\t\t\t\t\t<div class=\"e-con-inner\">\n\t\t\t\t<div class=\"elementor-element elementor-element-9f5fdd0 elementor-widget elementor-widget-image\" data-id=\"9f5fdd0\" data-element_type=\"widget\" data-e-type=\"widget\" data-widget_type=\"image.default\">\n\t\t\t\t\t\t\t\t\t\t\t\t\t\t\t\t<a href=\"https:\/\/tjsokolbludovice.cz\" target=\"_blank\">\n\t\t\t\t\t\t\t<img decoding=\"async\" width=\"150\" height=\"150\" src=\"https:\/\/www.bludovicenj.cz\/wp-content\/uploads\/2026\/02\/tjsokolbludovice-logo-150x150.png\" class=\"attachment-thumbnail size-thumbnail wp-image-311\" alt=\"\" srcset=\"https:\/\/www.bludovicenj.cz\/wp-content\/uploads\/2026\/02\/tjsokolbludovice-logo-150x150.png 150w, https:\/\/www.bludovicenj.cz\/wp-content\/uploads\/2026\/02\/tjsokolbludovice-logo-300x300.png 300w, https:\/\/www.bludovicenj.cz\/wp-content\/uploads\/2026\/02\/tjsokolbludovice-logo.png 385w\" sizes=\"(max-width: 150px) 100vw, 150px\" \/>\t\t\t\t\t\t\t\t<\/a>\n\t\t\t\t\t\t\t\t\t\t\t\t\t\t\t<\/div>\n\t\t\t\t\t<\/div>\n\t\t\t\t<\/div>\n\t\t\t\t<div class=\"elementor-element elementor-element-c54c875 elementor-button-info elementor-widget__width-initial elementor-widget elementor-widget-button\" data-id=\"c54c875\" data-element_type=\"widget\" data-e-type=\"widget\" data-widget_type=\"button.default\">\n\t\t\t\t\t\t\t\t\t\t<a class=\"elementor-button elementor-button-link elementor-size-sm\" href=\"https:\/\/tjsokolbludovice.cz\">\n\t\t\t\t\t\t<span class=\"elementor-button-content-wrapper\">\n\t\t\t\t\t\t\t\t\t<span class=\"elementor-button-text\">Zjistit v\u00edc...<\/span>\n\t\t\t\t\t<\/span>\n\t\t\t\t\t<\/a>\n\t\t\t\t\t\t\t\t<\/div>\n\t\t\t\t<div class=\"elementor-element elementor-element-4df0676 elementor-widget elementor-widget-spacer\" data-id=\"4df0676\" data-element_type=\"widget\" data-e-type=\"widget\" data-widget_type=\"spacer.default\">\n\t\t\t\t\t\t\t<div class=\"elementor-spacer\">\n\t\t\t<div class=\"elementor-spacer-inner\"><\/div>\n\t\t<\/div>\n\t\t\t\t\t\t<\/div>\n\t\t\t\t<\/div>\n\t\t<div class=\"elementor-element elementor-element-a16e434 e-flex e-con-boxed e-con e-parent\" data-id=\"a16e434\" data-element_type=\"container\" data-e-type=\"container\">\n\t\t\t\t\t<div class=\"e-con-inner\">\n\t\t\t\t\t<\/div>\n\t\t\t\t<\/div>\n\t\t<div class=\"elementor-element elementor-element-72ba954 e-con-full e-flex e-con e-parent\" data-id=\"72ba954\" data-element_type=\"container\" data-e-type=\"container\">\n\t\t\t\t<div class=\"elementor-element elementor-element-d8e6930 elementor-widget elementor-widget-spacer\" data-id=\"d8e6930\" data-element_type=\"widget\" data-e-type=\"widget\" data-widget_type=\"spacer.default\">\n\t\t\t\t\t\t\t<div class=\"elementor-spacer\">\n\t\t\t<div class=\"elementor-spacer-inner\"><\/div>\n\t\t<\/div>\n\t\t\t\t\t\t<\/div>\n\t\t\t\t<div class=\"elementor-element elementor-element-82bcee5 elementor-widget elementor-widget-heading\" data-id=\"82bcee5\" data-element_type=\"widget\" data-e-type=\"widget\" data-widget_type=\"heading.default\">\n\t\t\t\t\t<h1 class=\"elementor-heading-title elementor-size-default\">restaurace BOSS<\/h1>\t\t\t\t<\/div>\n\t\t\t\t<div class=\"elementor-element elementor-element-e48e3f7 elementor-widget__width-initial elementor-widget elementor-widget-text-editor\" data-id=\"e48e3f7\" data-element_type=\"widget\" data-e-type=\"widget\" data-widget_type=\"text-editor.default\">\n\t\t\t\t\t\t\t\t\t<p style=\"text-align: center;\"><strong><span style=\"color: #000000;\">Denn\u00ed menu, catering, j\u00eddlo s sebou, rozvoz, svatebn\u00ed hostiny<\/span><\/strong><\/p>\t\t\t\t\t\t\t\t<\/div>\n\t\t\t\t<div class=\"elementor-element elementor-element-6bc532d elementor-widget elementor-widget-image\" data-id=\"6bc532d\" data-element_type=\"widget\" data-e-type=\"widget\" data-widget_type=\"image.default\">\n\t\t\t\t\t\t\t\t\t\t\t\t\t\t\t<img fetchpriority=\"high\" decoding=\"async\" width=\"768\" height=\"165\" src=\"https:\/\/www.bludovicenj.cz\/wp-content\/uploads\/2026\/03\/obrazek_2026-03-01_220326314-768x165.png\" class=\"attachment-medium_large size-medium_large wp-image-375\" alt=\"\" srcset=\"https:\/\/www.bludovicenj.cz\/wp-content\/uploads\/2026\/03\/obrazek_2026-03-01_220326314-768x165.png 768w, https:\/\/www.bludovicenj.cz\/wp-content\/uploads\/2026\/03\/obrazek_2026-03-01_220326314-300x64.png 300w, https:\/\/www.bludovicenj.cz\/wp-content\/uploads\/2026\/03\/obrazek_2026-03-01_220326314-1024x220.png 1024w, https:\/\/www.bludovicenj.cz\/wp-content\/uploads\/2026\/03\/obrazek_2026-03-01_220326314.png 1082w\" sizes=\"(max-width: 768px) 100vw, 768px\" \/>\t\t\t\t\t\t\t\t\t\t\t\t\t\t\t<\/div>\n\t\t\t\t<div class=\"elementor-element elementor-element-0be8ff2 elementor-widget elementor-widget-image\" data-id=\"0be8ff2\" data-element_type=\"widget\" data-e-type=\"widget\" data-widget_type=\"image.default\">\n\t\t\t\t\t\t\t\t\t\t\t\t\t\t\t<img decoding=\"async\" width=\"548\" height=\"334\" src=\"https:\/\/www.bludovicenj.cz\/wp-content\/uploads\/2026\/03\/obrazek_2026-03-01_220106941.png\" class=\"attachment-large size-large wp-image-374\" alt=\"\" srcset=\"https:\/\/www.bludovicenj.cz\/wp-content\/uploads\/2026\/03\/obrazek_2026-03-01_220106941.png 548w, https:\/\/www.bludovicenj.cz\/wp-content\/uploads\/2026\/03\/obrazek_2026-03-01_220106941-300x183.png 300w\" sizes=\"(max-width: 548px) 100vw, 548px\" \/>\t\t\t\t\t\t\t\t\t\t\t\t\t\t\t<\/div>\n\t\t\t\t<div class=\"elementor-element elementor-element-7ded2cb elementor-button-info elementor-widget__width-initial elementor-widget elementor-widget-button\" data-id=\"7ded2cb\" data-element_type=\"widget\" data-e-type=\"widget\" data-widget_type=\"button.default\">\n\t\t\t\t\t\t\t\t\t\t<a class=\"elementor-button elementor-button-link elementor-size-sm\" href=\"https:\/\/restauraceboss.eatbu.com\/?lang=cs\">\n\t\t\t\t\t\t<span class=\"elementor-button-content-wrapper\">\n\t\t\t\t\t\t\t\t\t<span class=\"elementor-button-text\">Zjistit v\u00edc...<\/span>\n\t\t\t\t\t<\/span>\n\t\t\t\t\t<\/a>\n\t\t\t\t\t\t\t\t<\/div>\n\t\t\t\t<div class=\"elementor-element elementor-element-fc93174 elementor-widget elementor-widget-spacer\" data-id=\"fc93174\" data-element_type=\"widget\" data-e-type=\"widget\" data-widget_type=\"spacer.default\">\n\t\t\t\t\t\t\t<div class=\"elementor-spacer\">\n\t\t\t<div class=\"elementor-spacer-inner\"><\/div>\n\t\t<\/div>\n\t\t\t\t\t\t<\/div>\n\t\t\t\t<\/div>\n\t\t<div class=\"elementor-element elementor-element-cee12b8 e-flex e-con-boxed e-con e-parent\" data-id=\"cee12b8\" data-element_type=\"container\" data-e-type=\"container\">\n\t\t\t\t\t<div class=\"e-con-inner\">\n\t\t\t\t\t<\/div>\n\t\t\t\t<\/div>\n\t\t<div class=\"elementor-element elementor-element-293009e e-con-full e-flex e-con e-parent\" data-id=\"293009e\" data-element_type=\"container\" data-e-type=\"container\" data-settings=\"{&quot;background_background&quot;:&quot;gradient&quot;}\">\n\t\t\t\t<div class=\"elementor-element elementor-element-8b9e8f4 elementor-widget elementor-widget-spacer\" data-id=\"8b9e8f4\" data-element_type=\"widget\" data-e-type=\"widget\" data-widget_type=\"spacer.default\">\n\t\t\t\t\t\t\t<div class=\"elementor-spacer\">\n\t\t\t<div class=\"elementor-spacer-inner\"><\/div>\n\t\t<\/div>\n\t\t\t\t\t\t<\/div>\n\t\t\t\t<div class=\"elementor-element elementor-element-2dd591c elementor-widget elementor-widget-heading\" data-id=\"2dd591c\" data-element_type=\"widget\" data-e-type=\"widget\" data-widget_type=\"heading.default\">\n\t\t\t\t\t<h1 class=\"elementor-heading-title elementor-size-default\">SPOLEM, z. s.<\/h1>\t\t\t\t<\/div>\n\t\t<div class=\"elementor-element elementor-element-dc987cf e-grid e-con-boxed e-con e-child\" data-id=\"dc987cf\" data-element_type=\"container\" data-e-type=\"container\">\n\t\t\t\t\t<div class=\"e-con-inner\">\n\t\t\t\t<div class=\"elementor-element elementor-element-bf083c5 elementor-widget elementor-widget-text-editor\" data-id=\"bf083c5\" data-element_type=\"widget\" data-e-type=\"widget\" data-widget_type=\"text-editor.default\">\n\t\t\t\t\t\t\t\t\t<p><span style=\"color: #ffffff;\">Spolek provozuje D\u011btskou skupinu Pale\u010dek v Nov\u00e9m Ji\u010d\u00edn\u011b (Suvorovova 199, tel.: 608 700 524, detskaskupina@skolkapalecek.cz)<\/span><\/p>\t\t\t\t\t\t\t\t<\/div>\n\t\t\t\t<div class=\"elementor-element elementor-element-690e7ec elementor-widget elementor-widget-image\" data-id=\"690e7ec\" data-element_type=\"widget\" data-e-type=\"widget\" data-widget_type=\"image.default\">\n\t\t\t\t\t\t\t\t\t\t\t\t\t\t\t\t<a href=\"https:\/\/www.skolkapalecek.cz\" target=\"_blank\">\n\t\t\t\t\t\t\t<img decoding=\"async\" src=\"https:\/\/www.bludovicenj.cz\/wp-content\/uploads\/elementor\/thumbs\/Kopie-navrhu-DS-a-MS-PALECEK-logo-9-rjtmqfzrvndwlvblwshr0uohwyi2v70gyp5qgnsde8.png\" title=\"Kopie n\u00e1vrhu DS a M\u0160 PALE\u010cEK logo (9)\" alt=\"Kopie n\u00e1vrhu DS a M\u0160 PALE\u010cEK logo (9)\" loading=\"lazy\" \/>\t\t\t\t\t\t\t\t<\/a>\n\t\t\t\t\t\t\t\t\t\t\t\t\t\t\t<\/div>\n\t\t\t\t<div class=\"elementor-element elementor-element-858edf9 elementor-widget elementor-widget-text-editor\" data-id=\"858edf9\" data-element_type=\"widget\" data-e-type=\"widget\" data-widget_type=\"text-editor.default\">\n\t\t\t\t\t\t\t\t\t<p><span style=\"color: rgb(255, 255, 255); background-color: transparent; font-size: 1rem;\">Spolek se tak\u00e9 v\u011bnuje spolupo\u0159\u00e1d\u00e1n\u00ed komunitn\u00edch akc\u00ed v Bludovic\u00edch a pr\u00e1ci na komunitn\u00edm pl\u00e1nov\u00e1n\u00ed.<\/span><\/p>\t\t\t\t\t\t\t\t<\/div>\n\t\t\t\t<div class=\"elementor-element elementor-element-f713217 elementor-button-info elementor-mobile-align-center elementor-align-center elementor-widget elementor-widget-button\" data-id=\"f713217\" data-element_type=\"widget\" data-e-type=\"widget\" data-widget_type=\"button.default\">\n\t\t\t\t\t\t\t\t\t\t<a class=\"elementor-button elementor-button-link elementor-size-sm\" href=\"https:\/\/www.skolkapalecek.cz\">\n\t\t\t\t\t\t<span class=\"elementor-button-content-wrapper\">\n\t\t\t\t\t\t\t\t\t<span class=\"elementor-button-text\">Zjistit v\u00edc...<\/span>\n\t\t\t\t\t<\/span>\n\t\t\t\t\t<\/a>\n\t\t\t\t\t\t\t\t<\/div>\n\t\t\t\t\t<\/div>\n\t\t\t\t<\/div>\n\t\t\t\t<div class=\"elementor-element elementor-element-f12fc73 elementor-widget elementor-widget-spacer\" data-id=\"f12fc73\" data-element_type=\"widget\" data-e-type=\"widget\" data-widget_type=\"spacer.default\">\n\t\t\t\t\t\t\t<div class=\"elementor-spacer\">\n\t\t\t<div class=\"elementor-spacer-inner\"><\/div>\n\t\t<\/div>\n\t\t\t\t\t\t<\/div>\n\t\t\t\t<\/div>\n\t\t<div class=\"elementor-element elementor-element-5a652dd e-flex e-con-boxed e-con e-parent\" data-id=\"5a652dd\" data-element_type=\"container\" data-e-type=\"container\">\n\t\t\t\t\t<div class=\"e-con-inner\">\n\t\t\t\t\t<\/div>\n\t\t\t\t<\/div>\n\t\t<div class=\"elementor-element elementor-element-b0a50d4 e-con-full e-flex e-con e-parent\" data-id=\"b0a50d4\" data-element_type=\"container\" data-e-type=\"container\" data-settings=\"{&quot;background_background&quot;:&quot;classic&quot;}\">\n\t\t\t\t<div class=\"elementor-element elementor-element-15c3e06 elementor-widget elementor-widget-heading\" data-id=\"15c3e06\" data-element_type=\"widget\" data-e-type=\"widget\" data-widget_type=\"heading.default\">\n\t\t\t\t\t<h1 class=\"elementor-heading-title elementor-size-default\">D\u011btsk\u00e1 skupinka MiniSv\u011bt<\/h1>\t\t\t\t<\/div>\n\t\t\t\t<div class=\"elementor-element elementor-element-65a612f elementor-absolute elementor-widget elementor-widget-image\" data-id=\"65a612f\" data-element_type=\"widget\" data-e-type=\"widget\" data-settings=\"{&quot;_position&quot;:&quot;absolute&quot;}\" data-widget_type=\"image.default\">\n\t\t\t\t\t\t\t\t\t\t\t\t\t\t\t\t<a href=\"https:\/\/www.skolkapalecek.cz\" target=\"_blank\">\n\t\t\t\t\t\t\t<img decoding=\"async\" src=\"https:\/\/www.bludovicenj.cz\/wp-content\/uploads\/elementor\/thumbs\/Mini-svet-logo1-rjvunz8y12iiv3jj4mds6psdhnhyxumkl69k7h8kz4.png\" title=\"Mini-svet-logo1\" alt=\"Mini-svet-logo1\" loading=\"lazy\" \/>\t\t\t\t\t\t\t\t<\/a>\n\t\t\t\t\t\t\t\t\t\t\t\t\t\t\t<\/div>\n\t\t\t\t<div class=\"elementor-element elementor-element-0a625b1 elementor-absolute elementor-widget elementor-widget-text-editor\" data-id=\"0a625b1\" data-element_type=\"widget\" data-e-type=\"widget\" data-settings=\"{&quot;_position&quot;:&quot;absolute&quot;}\" data-widget_type=\"text-editor.default\">\n\t\t\t\t\t\t\t\t\t<h6 style=\"text-align: center;\"><span style=\"color: #ffffff;\"><span style=\"font-size: 18px; font-weight: 400; background-color: transparent; text-align: start;\">Mal\u00e1 d\u011btsk\u00e1 skupinka s rodinnou atmosf\u00e9rou pro d\u011bti <\/span><strong style=\"font-size: 18px; background-color: transparent; text-align: start;\">od 1,5 do 4 let.<\/strong><\/span><\/h6><h6 style=\"text-align: center;\"><span style=\"color: #ffffff;\">\u00a0<span style=\"font-size: 18px; font-weight: 400; background-color: transparent; text-align: start;\">D\u011bti u n\u00e1s objevuj\u00ed sv\u011bt hrou, tvo\u0159en\u00edm i pobytem venku. Podporujeme<br \/>jejich p\u0159irozen\u00fd rozvoj, samostatnost a radost z ka\u017ed\u00e9ho dne v bezpe\u010dn\u00e9m<br \/>a p\u0159\u00e1telsk\u00e9m prost\u0159ed\u00ed.<\/span><\/span><\/h6>\t\t\t\t\t\t\t\t<\/div>\n\t\t\t\t<div class=\"elementor-element elementor-element-d28ad85 elementor-widget__width-inherit elementor-absolute elementor-shape-rounded elementor-grid-0 e-grid-align-center elementor-widget elementor-widget-social-icons\" data-id=\"d28ad85\" data-element_type=\"widget\" data-e-type=\"widget\" data-settings=\"{&quot;_position&quot;:&quot;absolute&quot;}\" data-widget_type=\"social-icons.default\">\n\t\t\t\t\t\t\t<div class=\"elementor-social-icons-wrapper elementor-grid\" role=\"list\">\n\t\t\t\t\t\t\t<span class=\"elementor-grid-item\" role=\"listitem\">\n\t\t\t\t\t<a class=\"elementor-icon elementor-social-icon elementor-social-icon-facebook elementor-repeater-item-56c2f44\" href=\"https:\/\/www.facebook.com\/profile.php?id=61586139075669\" target=\"_blank\">\n\t\t\t\t\t\t<span class=\"elementor-screen-only\">Facebook<\/span>\n\t\t\t\t\t\t<svg aria-hidden=\"true\" class=\"e-font-icon-svg e-fab-facebook\" viewBox=\"0 0 512 512\" xmlns=\"http:\/\/www.w3.org\/2000\/svg\"><path d=\"M504 256C504 119 393 8 256 8S8 119 8 256c0 123.78 90.69 226.38 209.25 245V327.69h-63V256h63v-54.64c0-62.15 37-96.48 93.67-96.48 27.14 0 55.52 4.84 55.52 4.84v61h-31.28c-30.8 0-40.41 19.12-40.41 38.73V256h68.78l-11 71.69h-57.78V501C413.31 482.38 504 379.78 504 256z\"><\/path><\/svg>\t\t\t\t\t<\/a>\n\t\t\t\t<\/span>\n\t\t\t\t\t\t\t<span class=\"elementor-grid-item\" role=\"listitem\">\n\t\t\t\t\t<a class=\"elementor-icon elementor-social-icon elementor-social-icon-instagram elementor-repeater-item-634e546\" href=\"https:\/\/www.instagram.com\/detskaskupinaminisvet?igsh=MWdicjRqN3JpYWo0dA%3D%3D&#038;utm_source=qr\" target=\"_blank\">\n\t\t\t\t\t\t<span class=\"elementor-screen-only\">Instagram<\/span>\n\t\t\t\t\t\t<svg aria-hidden=\"true\" class=\"e-font-icon-svg e-fab-instagram\" viewBox=\"0 0 448 512\" xmlns=\"http:\/\/www.w3.org\/2000\/svg\"><path d=\"M224.1 141c-63.6 0-114.9 51.3-114.9 114.9s51.3 114.9 114.9 114.9S339 319.5 339 255.9 287.7 141 224.1 141zm0 189.6c-41.1 0-74.7-33.5-74.7-74.7s33.5-74.7 74.7-74.7 74.7 33.5 74.7 74.7-33.6 74.7-74.7 74.7zm146.4-194.3c0 14.9-12 26.8-26.8 26.8-14.9 0-26.8-12-26.8-26.8s12-26.8 26.8-26.8 26.8 12 26.8 26.8zm76.1 27.2c-1.7-35.9-9.9-67.7-36.2-93.9-26.2-26.2-58-34.4-93.9-36.2-37-2.1-147.9-2.1-184.9 0-35.8 1.7-67.6 9.9-93.9 36.1s-34.4 58-36.2 93.9c-2.1 37-2.1 147.9 0 184.9 1.7 35.9 9.9 67.7 36.2 93.9s58 34.4 93.9 36.2c37 2.1 147.9 2.1 184.9 0 35.9-1.7 67.7-9.9 93.9-36.2 26.2-26.2 34.4-58 36.2-93.9 2.1-37 2.1-147.8 0-184.8zM398.8 388c-7.8 19.6-22.9 34.7-42.6 42.6-29.5 11.7-99.5 9-132.1 9s-102.7 2.6-132.1-9c-19.6-7.8-34.7-22.9-42.6-42.6-11.7-29.5-9-99.5-9-132.1s-2.6-102.7 9-132.1c7.8-19.6 22.9-34.7 42.6-42.6 29.5-11.7 99.5-9 132.1-9s102.7-2.6 132.1 9c19.6 7.8 34.7 22.9 42.6 42.6 11.7 29.5 9 99.5 9 132.1s2.7 102.7-9 132.1z\"><\/path><\/svg>\t\t\t\t\t<\/a>\n\t\t\t\t<\/span>\n\t\t\t\t\t<\/div>\n\t\t\t\t\t\t<\/div>\n\t\t\t\t<div class=\"elementor-element elementor-element-20a5d49 elementor-button-info elementor-widget__width-inherit elementor-absolute elementor-widget elementor-widget-button\" data-id=\"20a5d49\" data-element_type=\"widget\" data-e-type=\"widget\" data-settings=\"{&quot;_position&quot;:&quot;absolute&quot;}\" data-widget_type=\"button.default\">\n\t\t\t\t\t\t\t\t\t\t<a class=\"elementor-button elementor-button-link elementor-size-sm\" href=\"http:\/\/www.dsminisvet.cz\">\n\t\t\t\t\t\t<span class=\"elementor-button-content-wrapper\">\n\t\t\t\t\t\t\t\t\t<span class=\"elementor-button-text\">Zjistit v\u00edc...<\/span>\n\t\t\t\t\t<\/span>\n\t\t\t\t\t<\/a>\n\t\t\t\t\t\t\t\t<\/div>\n\t\t\t\t<\/div>\n\t\t<div class=\"elementor-element elementor-element-b3dcb26 e-flex e-con-boxed e-con e-parent\" data-id=\"b3dcb26\" data-element_type=\"container\" data-e-type=\"container\">\n\t\t\t\t\t<div class=\"e-con-inner\">\n\t\t\t\t\t<\/div>\n\t\t\t\t<\/div>\n\t\t<div class=\"elementor-element elementor-element-52de8fa e-con-full e-flex e-con e-parent\" data-id=\"52de8fa\" data-element_type=\"container\" data-e-type=\"container\" data-settings=\"{&quot;background_background&quot;:&quot;gradient&quot;}\">\n\t\t\t\t<div class=\"elementor-element elementor-element-28318dc elementor-widget elementor-widget-spacer\" data-id=\"28318dc\" data-element_type=\"widget\" data-e-type=\"widget\" data-widget_type=\"spacer.default\">\n\t\t\t\t\t\t\t<div class=\"elementor-spacer\">\n\t\t\t<div class=\"elementor-spacer-inner\"><\/div>\n\t\t<\/div>\n\t\t\t\t\t\t<\/div>\n\t\t\t\t<div class=\"elementor-element elementor-element-77839c1 elementor-widget elementor-widget-heading\" data-id=\"77839c1\" data-element_type=\"widget\" data-e-type=\"widget\" data-widget_type=\"heading.default\">\n\t\t\t\t\t<h1 class=\"elementor-heading-title elementor-size-default\">Zem\u011bd\u011blsk\u00e1 usedlost a Venkovsk\u00e1 \u0161kola Bludi\u010dka<\/h1>\t\t\t\t<\/div>\n\t\t\t\t<div class=\"elementor-element elementor-element-18d5cd0 elementor-widget elementor-widget-image\" data-id=\"18d5cd0\" data-element_type=\"widget\" data-e-type=\"widget\" data-widget_type=\"image.default\">\n\t\t\t\t\t\t\t\t\t\t\t\t\t\t\t\t<a href=\"https:\/\/www.skolkapalecek.cz\" target=\"_blank\">\n\t\t\t\t\t\t\t<img decoding=\"async\" src=\"https:\/\/www.bludovicenj.cz\/wp-content\/uploads\/elementor\/thumbs\/bludicka-rjvvxn8o2b10x37jgv09toxkgkexwgx3v79skfj0sw.png\" title=\"bludi\u010dka\" alt=\"bludi\u010dka\" loading=\"lazy\" \/>\t\t\t\t\t\t\t\t<\/a>\n\t\t\t\t\t\t\t\t\t\t\t\t\t\t\t<\/div>\n\t\t\t\t<div class=\"elementor-element elementor-element-ee71716 elementor-widget__width-initial elementor-widget elementor-widget-text-editor\" data-id=\"ee71716\" data-element_type=\"widget\" data-e-type=\"widget\" data-widget_type=\"text-editor.default\">\n\t\t\t\t\t\t\t\t\t<p style=\"text-align: center;\"><span style=\"color: #ffffff;\">Aktivn\u00ed vyu\u017eit\u00ed voln\u00e9ho \u010dasu d\u011btem, ml\u00e1de\u017ei, rodin\u00e1m a\u00a0 hendikepovan\u00fdm lidem. <\/span><\/p><p style=\"text-align: center;\"><span style=\"color: #ffffff;\">Chov p\u016fvodn\u00edho plemene Vala\u0161sk\u00e9 ovce, <\/span><span style=\"color: #ffffff;\">sad p\u016fvodn\u00edch odr\u016fd<\/span><\/p><p style=\"text-align: center;\"><span style=\"color: #ffffff;\">S<\/span><span style=\"color: #ffffff;\">oci\u00e1ln\u00ed podnik D\u00edlna u Ber\u00e1nka<\/span><\/p><p style=\"text-align: center;\"><span style=\"color: #ffff00;\"><strong>\u00a0OD 16.12.2025 JE PODNIK Z RODINN\u00ddCH D\u016eVOD\u016e UZAV\u0158EN DO ODVOL\u00c1N\u00cd!<\/strong><\/span><\/p><p style=\"text-align: center;\"><span style=\"color: #ffffff;\">Bludovice 9, 741 01 Nov\u00fd Ji\u010d\u00edn,\u00a0<\/span><\/p><p style=\"text-align: center;\"><span style=\"color: #ffffff;\"><a style=\"color: #ffffff;\" href=\"tel:+420724840481\">+420704 255 249<\/a><\/span><\/p>\t\t\t\t\t\t\t\t<\/div>\n\t\t\t\t<div class=\"elementor-element elementor-element-e831503 elementor-button-info elementor-widget__width-initial elementor-widget elementor-widget-button\" data-id=\"e831503\" data-element_type=\"widget\" data-e-type=\"widget\" data-widget_type=\"button.default\">\n\t\t\t\t\t\t\t\t\t\t<a class=\"elementor-button elementor-button-link elementor-size-sm\" href=\"https:\/\/bludicka.wbs.cz\">\n\t\t\t\t\t\t<span class=\"elementor-button-content-wrapper\">\n\t\t\t\t\t\t\t\t\t<span class=\"elementor-button-text\">Zjistit v\u00edc...<\/span>\n\t\t\t\t\t<\/span>\n\t\t\t\t\t<\/a>\n\t\t\t\t\t\t\t\t<\/div>\n\t\t\t\t<div class=\"elementor-element elementor-element-736ce90 elementor-widget elementor-widget-spacer\" data-id=\"736ce90\" data-element_type=\"widget\" data-e-type=\"widget\" data-widget_type=\"spacer.default\">\n\t\t\t\t\t\t\t<div class=\"elementor-spacer\">\n\t\t\t<div class=\"elementor-spacer-inner\"><\/div>\n\t\t<\/div>\n\t\t\t\t\t\t<\/div>\n\t\t\t\t<\/div>\n\t\t\t\t<\/div>\n\t\t","protected":false},"excerpt":{"rendered":"<p>TJ Sokol Bludovice Fotbalov\u00fd odd\u00edl provozuje m\u00edstn\u00ed fotbalov\u00e9 h\u0159i\u0161t\u011b, hraje z\u00e1pasy a po\u0159\u00e1d\u00e1 spole\u010densk\u00e9 akce. Zjistit v\u00edc&#8230; restaurace BOSS Denn\u00ed [&hellip;]<\/p>\n","protected":false},"author":2,"featured_media":0,"parent":0,"menu_order":0,"comment_status":"closed","ping_status":"closed","template":"","meta":{"site-sidebar-layout":"no-sidebar","site-content-layout":"","ast-site-content-layout":"full-width-container","site-content-style":"default","site-sidebar-style":"default","ast-global-header-display":"","ast-banner-title-visibility":"","ast-main-header-display":"","ast-hfb-above-header-display":"","ast-hfb-below-header-display":"","ast-hfb-mobile-header-display":"","site-post-title":"disabled","ast-breadcrumbs-content":"","ast-featured-img":"disabled","footer-sml-layout":"","ast-disable-related-posts":"","theme-transparent-header-meta":"","adv-header-id-meta":"","stick-header-meta":"","header-above-stick-meta":"","header-main-stick-meta":"","header-below-stick-meta":"","astra-migrate-meta-layouts":"default","ast-page-background-enabled":"default","ast-page-background-meta":{"desktop":{"background-color":"var(--ast-global-color-5)","background-image":"","background-repeat":"repeat","background-position":"center center","background-size":"auto","background-attachment":"scroll","background-type":"","background-media":"","overlay-type":"","overlay-color":"","overlay-opacity":"","overlay-gradient":""},"tablet":{"background-color":"","background-image":"","background-repeat":"repeat","background-position":"center center","background-size":"auto","background-attachment":"scroll","background-type":"","background-media":"","overlay-type":"","overlay-color":"","overlay-opacity":"","overlay-gradient":""},"mobile":{"background-color":"","background-image":"","background-repeat":"repeat","background-position":"center center","background-size":"auto","background-attachment":"scroll","background-type":"","background-media":"","overlay-type":"","overlay-color":"","overlay-opacity":"","overlay-gradient":""}},"ast-content-background-meta":{"desktop":{"background-color":"var(--ast-global-color-4)","background-image":"","background-repeat":"repeat","background-position":"center center","background-size":"auto","background-attachment":"scroll","background-type":"","background-media":"","overlay-type":"","overlay-color":"","overlay-opacity":"","overlay-gradient":""},"tablet":{"background-color":"var(--ast-global-color-4)","background-image":"","background-repeat":"repeat","background-position":"center center","background-size":"auto","background-attachment":"scroll","background-type":"","background-media":"","overlay-type":"","overlay-color":"","overlay-opacity":"","overlay-gradient":""},"mobile":{"background-color":"var(--ast-global-color-4)","background-image":"","background-repeat":"repeat","background-position":"center center","background-size":"auto","background-attachment":"scroll","background-type":"","background-media":"","overlay-type":"","overlay-color":"","overlay-opacity":"","overlay-gradient":""}},"footnotes":""},"class_list":["post-75","page","type-page","status-publish","hentry"],"_links":{"self":[{"href":"https:\/\/www.bludovicenj.cz\/index.php\/wp-json\/wp\/v2\/pages\/75","targetHints":{"allow":["GET"]}}],"collection":[{"href":"https:\/\/www.bludovicenj.cz\/index.php\/wp-json\/wp\/v2\/pages"}],"about":[{"href":"https:\/\/www.bludovicenj.cz\/index.php\/wp-json\/wp\/v2\/types\/page"}],"author":[{"embeddable":true,"href":"https:\/\/www.bludovicenj.cz\/index.php\/wp-json\/wp\/v2\/users\/2"}],"replies":[{"embeddable":true,"href":"https:\/\/www.bludovicenj.cz\/index.php\/wp-json\/wp\/v2\/comments?post=75"}],"version-history":[{"count":71,"href":"https:\/\/www.bludovicenj.cz\/index.php\/wp-json\/wp\/v2\/pages\/75\/revisions"}],"predecessor-version":[{"id":443,"href":"https:\/\/www.bludovicenj.cz\/index.php\/wp-json\/wp\/v2\/pages\/75\/revisions\/443"}],"wp:attachment":[{"href":"https:\/\/www.bludovicenj.cz\/index.php\/wp-json\/wp\/v2\/media?parent=75"}],"curies":[{"name":"wp","href":"https:\/\/api.w.org\/{rel}","templated":true}]}}